{"id":124,"date":"2019-03-22T14:40:44","date_gmt":"2019-03-22T14:40:44","guid":{"rendered":"https:\/\/blog.mat-it.de\/?page_id=124"},"modified":"2021-02-17T16:22:47","modified_gmt":"2021-02-17T16:22:47","slug":"fernwartung","status":"publish","type":"page","link":"https:\/\/blog.mat-it.de\/index.php\/fernwartung\/","title":{"rendered":"Fernwartung"},"content":{"rendered":"\n<p>Unsere Fernwartungssoftware k\u00f6nnen Sie nach Aufforderung durch unsere Supportmitarbeiter <a href=\"https:\/\/get.teamviewer.com\/matit\">hier <\/a>herunterladen. Bitte stellen Sie bereits vor dem Ausf\u00fchren der Anwendung einen telefonischen Kontakt zu einem unserer Supportmitarbeiter her.<\/p>\n\n\n\n<p>Mit der Nutzung unserer Fernwartungssoftware nehmen Sie unsere <a href=\"https:\/\/blog.mat-it.de\/index.php\/nutzungsbedingungen-und-haftungsausschluss-fernwartung\/\" data-type=\"page\" data-id=\"144\">Nutzungsbedingungen und Haftungsausschl\u00fcsse<\/a> an und erkl\u00e4ren sich mit diesen einverstanden.<\/p>\n\n\n\n<p>Bez\u00fcglich dem Schutz Ihrer personenbezogenen Daten wei\u00dfen wir auf unsere <a href=\"https:\/\/blog.mat-it.de\/index.php\/datenschutzerklaerung\/\">Datenschutzinformation <\/a>hin.<\/p>\n","protected":false},"excerpt":{"rendered":"<p>Unsere Fernwartungssoftware k\u00f6nnen Sie nach Aufforderung durch unsere Supportmitarbeiter hier herunterladen. Bitte stellen Sie bereits vor dem Ausf\u00fchren der Anwendung einen telefonischen Kontakt zu einem unserer Supportmitarbeiter her. Mit der Nutzung unserer Fernwartungssoftware nehmen Sie unsere Nutzungsbedingungen und Haftungsausschl\u00fcsse an und erkl\u00e4ren sich mit diesen einverstanden. Bez\u00fcglich dem Schutz Ihrer personenbezogenen Daten wei\u00dfen wir auf &#8230; <a title=\"Fernwartung\" class=\"read-more\" href=\"https:\/\/blog.mat-it.de\/index.php\/fernwartung\/\" aria-label=\"Mehr dazu unter Fernwartung\">Weiterlesen<\/a><\/p>\n","protected":false},"author":2,"featured_media":0,"parent":0,"menu_order":0,"comment_status":"closed","ping_status":"closed","template":"","meta":[],"_links":{"self":[{"href":"https:\/\/blog.mat-it.de\/index.php\/wp-json\/wp\/v2\/pages\/124"}],"collection":[{"href":"https:\/\/blog.mat-it.de\/index.php\/wp-json\/wp\/v2\/pages"}],"about":[{"href":"https:\/\/blog.mat-it.de\/index.php\/wp-json\/wp\/v2\/types\/page"}],"author":[{"embeddable":true,"href":"https:\/\/blog.mat-it.de\/index.php\/wp-json\/wp\/v2\/users\/2"}],"replies":[{"embeddable":true,"href":"https:\/\/blog.mat-it.de\/index.php\/wp-json\/wp\/v2\/comments?post=124"}],"version-history":[{"count":3,"href":"https:\/\/blog.mat-it.de\/index.php\/wp-json\/wp\/v2\/pages\/124\/revisions"}],"predecessor-version":[{"id":149,"href":"https:\/\/blog.mat-it.de\/index.php\/wp-json\/wp\/v2\/pages\/124\/revisions\/149"}],"wp:attachment":[{"href":"https:\/\/blog.mat-it.de\/index.php\/wp-json\/wp\/v2\/media?parent=124"}],"curies":[{"name":"wp","href":"https:\/\/api.w.org\/{rel}","templated":true}]}}