{"id":45,"date":"2018-03-22T16:46:01","date_gmt":"2018-03-22T16:46:01","guid":{"rendered":"https:\/\/blog.mat-it.de\/?page_id=45"},"modified":"2023-07-19T09:07:16","modified_gmt":"2023-07-19T09:07:16","slug":"impressum","status":"publish","type":"page","link":"https:\/\/blog.mat-it.de\/index.php\/impressum\/","title":{"rendered":"Impressum"},"content":{"rendered":"\n<h3 class=\"wp-block-heading address\"><strong>Anbieterkennzeichnung gem. \u00a7 5 TMG<\/strong> <\/h3>\n\n\n\n<p class=\"address\">mat-IT _ IT-Services &amp; Solutions<br>Markus M\u00fcller<br>Am Siechen 8<br>60529 Frankfurt am Main<\/p>\n\n\n\n<p class=\"address\">Tel.: 069 69 87 00 961<br><span style=\"font-size: inherit; background-color: initial;\">Fax: 069 9 77 66 66 2<br><\/span>E-Mail:&nbsp;<a href=\"mailto:info@mat-it.de\">info@mat-it.de<\/a><\/p>\n\n\n\n<p class=\"footer legal\">Markus M\u00fcller<br>Umsatzsteuer-Identifikationsnummer gem\u00e4\u00df \u00a7 27 UStG: DE249248077<\/p>\n\n\n\n<h3 class=\"wp-block-heading\"><strong>Inhaltlich, redaktionell Verantwortlicher gem\u00e4\u00df \u00a7 18 Abs. 2 MStV<\/strong><\/h3>\n\n\n\n<p class=\"footer\"><a class=\"footer\" href=\"mailto:info@mat-it.de\">Markus M\u00fcller<\/a><br>Kontakt: wie oben angegeben<\/p>\n\n\n\n<h3 class=\"wp-block-heading\"><strong>Haftung f\u00fcr Inhalte<\/strong><\/h3>\n\n\n\n<p>Die Inhalte unserer Seiten wurden mit gr\u00f6\u00dfter Sorgfalt erstellt. F\u00fcr die Richtigkeit, Vollst\u00e4ndigkeit und Aktualit\u00e4t der Inhalte k\u00f6nnen wir jedoch keine Gew\u00e4hr \u00fcbernehmen.<br>Als Diensteanbieter sind wir gem\u00e4\u00df \u00a7 7 Abs. 1 TMG  f\u00fcr eigene Inhalte auf diesen Seiten nach den allgemeinen Gesetzen verantwortlich. Diensteanbieter sind jedoch nicht verpflichtet, die von ihnen \u00fcbermittelten oder gespeicherten fremden Informationen zu \u00fcberwachen oder nach Umst\u00e4nden zu forschen, die auf eine rechtswidrige T\u00e4tigkeit hinweisen. Verpflichtungen zur Entfernung oder Sperrung der  Nutzung von Informationen nach den allgemeinen Gesetzen bleiben hiervon unber\u00fchrt. Eine diesbez\u00fcgliche Haftung ist jedoch erst ab dem Zeitpunkt der Kenntnis einer konkreten Rechtsverletzung m\u00f6glich. Bei bekannt werden von entsprechenden Rechtsverletzungen werden wir diese Inhalte umgehend entfernen.<\/p>\n\n\n\n<h3 class=\"wp-block-heading\"><strong>Haftung f\u00fcr Links<\/strong><\/h3>\n\n\n\n<p>Unser Angebot enth\u00e4lt Links zu externen Webseiten Dritter, auf deren Inhalte wir keinen Einfluss haben. Deshalb k\u00f6nnen wir f\u00fcr diese fremden Inhalte auch keine Gew\u00e4hr \u00fcbernehmen. F\u00fcr die Inhalte der verlinkten Seiten ist stets der jeweilige Anbieter oder Betreiber der Seiten verantwortlich. Die verlinkten Seiten wurden zum Zeitpunkt der Verlinkung auf m\u00f6gliche Rechtsverst\u00f6\u00dfe \u00fcberpr\u00fcft. Rechtswidrige Inhalte waren zum Zeitpunkt der  erlinkung nicht erkennbar. Eine permanente inhaltliche Kontrolle der verlinkten Seiten ist jedoch ohne konkrete Anhaltspunkte einer Rechtsverletzung nicht zumutbar. Bei bekannt werden von Rechtsverletzungen werden wir derartige Links umgehend entfernen.<\/p>\n\n\n\n<h3 class=\"wp-block-heading\"><strong>Datenschutz<\/strong><\/h3>\n\n\n\n<p>Bez\u00fcglich der Erhebung, Nutzung oder Verarbeitung von personenbezogenen Daten weisen wir auf unsere <a href=\"https:\/\/blog.mat-it.de\/index.php\/datenschutzerklaerung\/\">Datenschutzerkl\u00e4rung <\/a>hin.  Weiterhin erkl\u00e4ren wir, dass wir personenbezogene Daten nur unter Ber\u00fccksichtigung der geltenden Gesetze erheben, nutzen und verarbeiten.<\/p>\n","protected":false},"excerpt":{"rendered":"<p>Anbieterkennzeichnung gem. \u00a7 5 TMG mat-IT _ IT-Services &amp; SolutionsMarkus M\u00fcllerAm Siechen 860529 Frankfurt am Main Tel.: 069 69 87 00 961Fax: 069 9 77 66 66 2E-Mail:&nbsp;info@mat-it.de Markus M\u00fcllerUmsatzsteuer-Identifikationsnummer gem\u00e4\u00df \u00a7 27 UStG: DE249248077 Inhaltlich, redaktionell Verantwortlicher gem\u00e4\u00df \u00a7 18 Abs. 2 MStV Markus M\u00fcllerKontakt: wie oben angegeben Haftung f\u00fcr Inhalte Die Inhalte unserer &#8230; <a title=\"Impressum\" class=\"read-more\" href=\"https:\/\/blog.mat-it.de\/index.php\/impressum\/\" aria-label=\"Mehr dazu unter Impressum\">Weiterlesen<\/a><\/p>\n","protected":false},"author":1,"featured_media":0,"parent":0,"menu_order":0,"comment_status":"closed","ping_status":"closed","template":"","meta":[],"_links":{"self":[{"href":"https:\/\/blog.mat-it.de\/index.php\/wp-json\/wp\/v2\/pages\/45"}],"collection":[{"href":"https:\/\/blog.mat-it.de\/index.php\/wp-json\/wp\/v2\/pages"}],"about":[{"href":"https:\/\/blog.mat-it.de\/index.php\/wp-json\/wp\/v2\/types\/page"}],"author":[{"embeddable":true,"href":"https:\/\/blog.mat-it.de\/index.php\/wp-json\/wp\/v2\/users\/1"}],"replies":[{"embeddable":true,"href":"https:\/\/blog.mat-it.de\/index.php\/wp-json\/wp\/v2\/comments?post=45"}],"version-history":[{"count":6,"href":"https:\/\/blog.mat-it.de\/index.php\/wp-json\/wp\/v2\/pages\/45\/revisions"}],"predecessor-version":[{"id":170,"href":"https:\/\/blog.mat-it.de\/index.php\/wp-json\/wp\/v2\/pages\/45\/revisions\/170"}],"wp:attachment":[{"href":"https:\/\/blog.mat-it.de\/index.php\/wp-json\/wp\/v2\/media?parent=45"}],"curies":[{"name":"wp","href":"https:\/\/api.w.org\/{rel}","templated":true}]}}