{"id":49,"date":"2018-11-11T12:09:11","date_gmt":"2018-11-11T12:09:11","guid":{"rendered":"https:\/\/blog.mat-it.de\/?page_id=49"},"modified":"2020-03-31T10:41:26","modified_gmt":"2020-03-31T10:41:26","slug":"datenschutzerklaerung","status":"publish","type":"page","link":"https:\/\/blog.mat-it.de\/index.php\/datenschutzerklaerung\/","title":{"rendered":"Datenschutzinformation"},"content":{"rendered":"<h2>F\u00dcR KUNDEN UND INTERESSENTEN<\/h2>\n<p>Der Schutz Ihrer personenbezogenen Daten ist uns wichtig. Nach der EU-Datenschutz-Grundverordnung (DSGVO) sind wir verpflichtet, Sie dar\u00fcber zu informieren, zu welchem Zweck unser Unternehmen Daten erhebt, speichert oder weiterleitet. Der Information k\u00f6nnen Sie auch entnehmen, welche Rechte Sie in puncto Datenschutz haben.<\/p>\n<h3>1. VERANTWORTLICHKEIT F\u00dcR DIE DATENVERARBEITUNG<\/h3>\n<table style=\"border: 0px; margin: 0px; margin-bottom: 25.5px; padding: 0px; width: auto;\">\n<tbody>\n<tr>\n<td style=\"border: 0px; vertical-align: top; padding-left: 0px;\">Verantwortlich f\u00fcr die Datenverarbeitung ist:<\/td>\n<td style=\"border: 0px;\">Markus M\u00fcller<\/td>\n<\/tr>\n<tr>\n<td style=\"border: 0px; vertical-align: top; padding-left: 0px;\">Anschrift:<\/td>\n<td style=\"border: 0px;\">Am Siechen 8<br \/>\n60529 Frankfurt am Main<\/td>\n<\/tr>\n<tr>\n<td style=\"border: 0px; vertical-align: top; padding-left: 0px;\">Kontaktdaten:<\/td>\n<td style=\"border: 0px;\">069 35 10 19 88<br \/>\ninfo@mat-it.de<br \/>\nhttps:\/\/www.mat-it.de<\/td>\n<\/tr>\n<\/tbody>\n<\/table>\n<h3>2. ZWECK DER DATENVERARBEITUNG<\/h3>\n<p>Die Datenverarbeitung erfolgt aufgrund gesetzlicher Vorgaben, um unser Vertragsverh\u00e4ltnis mit Ihnen erf\u00fcllen zu k\u00f6nnen, zur Durchf\u00fchrung vorvertraglicher Ma\u00dfnahmen oder um Ihre Anfrage zu bearbeiten.<\/p>\n<p>Hierzu verarbeiten wir Ihre personenbezogenen Daten, insbesondere Ihre Kontaktdaten. Dazu z\u00e4hlen Ihre Adresse, Telefonnummer sowie E-Mail-Adresse.<\/p>\n<p>Die Erhebung dieser Daten ist Voraussetzung f\u00fcr ein Vertragsverh\u00e4ltnis mit uns. Werden die notwendigen Informationen nicht bereitgestellt, kann eine Gesch\u00e4ftsbeziehung nicht erfolgen.<\/p>\n<p>Ihre Daten verarbeiten wir auch um berechtigte Interessen von uns oder von Dritten zu wahren (Art. 6 Abs. 1 lit. f) DSGVO). Dies kann insbesondere erforderlich sein zur Geltendmachung rechtlicher Anspr\u00fcche und Verteidigung bei Streitigkeiten.<\/p>\n<h3>3. EMPF\u00c4NGER IHRER DATEN<\/h3>\n<p>Wir \u00fcbermitteln Ihre personenbezogenen Daten nur dann an Dritte, wenn dies gesetzlich erlaubt ist oder Sie eingewilligt haben.<\/p>\n<h3>4. AUFTRAGSVERARBEITUNG<\/h3>\n<p>Wir bedienen uns externer Dienstleister (Auftragsverarbeiter). Mit diesen Dienstleistern wurde jeweils eine separate Auftragsdatenverarbeitungsvereinbarung geschlossen, um den Schutz Ihrer personenbezogenen Daten zu gew\u00e4hrleisten.<\/p>\n<p>Zum Zweck einer Fernwartung k\u00f6nnen im Rahmen der Auftragsverarbeitung Ihre personenbezogenen Daten an die TeamViewer Germany GmbH, Jahnstr. 30, 73037 G\u00f6ppingen \u00fcbermittelt werden. Die Datenschutzerkl\u00e4rung finden Sie unter <a href=\"https:\/\/www.teamviewer.com\/de\/datenschutzerklaerung\/\">https:\/\/www.teamviewer.com\/de\/datenschutzerklaerung\/<\/a>.<\/p>\n<p>Zum Zweck einer Web- oder Videokonferenz k\u00f6nnen Ihre personenbezogenen Daten an die Cisco Systems Inc., 170 W. Tasman Drive, San Jose, CA 95134 \u00fcbermittelt werden. Die Datenschutzerkl\u00e4rung finden Sie unter <a href=\"https:\/\/www.cisco.com\/c\/de_de\/about\/legal\/privacy-full.html\">https:\/\/www.cisco.com\/c\/de_de\/about\/legal\/privacy-full.html<\/a>. Cisco Systems Inc. erf\u00fcllt den EU-U.S. Privacy Shield, dessen G\u00fcltigkeit regelm\u00e4\u00dfig durch uns \u00fcberpr\u00fcft wird.<\/p>\n<p>Sollten Sie eine alternative L\u00f6sung bevorzugen und keine \u00dcbertragung Ihrer personenbezogenen Daten an Cisco Systems Inc. w\u00fcnschen sprechen Sie uns bitte an.<\/p>\n<h3>5. SPEICHERUNG IHRER DATEN<\/h3>\n<p>Wir bewahren Ihre personenbezogenen Daten nur solange auf, wie dies f\u00fcr die oben genannten Zwecke erforderlich ist.<\/p>\n<p>Aufgrund rechtlicher Vorgaben k\u00f6nnen wir dazu verpflichtet sein diese Daten l\u00e4nger aufzubewahren. Die Aufbewahrungsfristen betragen zum Beispiel 6 Jahre f\u00fcr empfangene und versandte Handelsbriefe oder 10 Jahre bei Eingangs- und Ausgangsrechnungen nach \u00a7 257 Abs. 4 HGB.<\/p>\n<h3>6. IHRE RECHTE<\/h3>\n<p>Sie haben das Recht, \u00fcber die Sie betreffenden personenbezogenen Daten Auskunft zu erhalten. Auch k\u00f6nnen Sie die Berichtigung unrichtiger Daten verlangen.<\/p>\n<p>Dar\u00fcber hinaus steht Ihnen unter bestimmten Voraussetzungen das Recht auf L\u00f6schung von Daten, das Recht auf Einschr\u00e4nkung der Datenverarbeitung sowie das Recht auf Daten\u00fcbertragbarkeit zu.<\/p>\n<p>Die Verarbeitung Ihrer Daten erfolgt auf Basis von gesetzlichen Regelungen. Nur in Ausnahmef\u00e4llen ben\u00f6tigen wir Ihr Einverst\u00e4ndnis. In diesen F\u00e4llen haben Sie das Recht, die Einwilligung f\u00fcr die zuk\u00fcnftige Verarbeitung zu widerrufen.<\/p>\n<p>Sie haben ferner das Recht, sich bei der zust\u00e4ndigen Aufsichtsbeh\u00f6rde f\u00fcr den Datenschutz zu beschweren, wenn Sie der Ansicht sind, dass die Verarbeitung Ihrer personenbezogenen Daten nicht rechtm\u00e4\u00dfig erfolgt.<\/p>\n<p>Die Anschrift der f\u00fcr uns zust\u00e4ndigen Aufsichtsbeh\u00f6rde lautet:<\/p>\n<table style=\"border: 0px; margin: 0px; margin-bottom: 25.5px; padding: 0px; width: auto;\">\n<tbody>\n<tr>\n<td style=\"border: 0px; vertical-align: top; padding-left: 0px;\">Name:<\/td>\n<td style=\"border: 0px;\">Der Hessische Datenschutzbeauftragte<\/td>\n<\/tr>\n<tr>\n<td style=\"border: 0px; vertical-align: top; padding-left: 0px;\">Anschrift:<\/td>\n<td style=\"border: 0px;\">Postfach 3163<br \/>\n65021 Wiesbaden<\/td>\n<\/tr>\n<\/tbody>\n<\/table>\n<h3>7. RECHTLICHE GRUNDLAGEN<\/h3>\n<p>Rechtsgrundlage f\u00fcr die Verarbeitung Ihrer Daten ist Artikel 6 Absatz 1 lit. b) DSGVO sowie Artikel 6 Absatz 1 lit. f) DSGVO.<\/p>\n<p>Die \u00dcbermittlung Ihrer Daten an Unternehmen in Drittl\u00e4ndern erfolgt auf Basis von Artikel 45 DSGVO in Verbindung mit der Erf\u00fcllung des EU-U.S. Privacy Shield durch das Unternehmen.<\/p>\n<p>Sollten Sie Fragen haben, k\u00f6nnen Sie sich gern an uns wenden.<\/p>\n<h3>8. WEBSEITE<\/h3>\n<p>Die Nutzung unserer Website ist in der Regel ohne Angabe personenbezogener Daten m\u00f6glich. Soweit auf unseren Seiten personenbezogene Daten (beispielsweise Name, Anschrift oder E-Mail-Adressen) erhoben werden, erfolgt dies, soweit m\u00f6glich, stets auf freiwilliger Basis. Diese Daten werden ohne Ihre ausdr\u00fcckliche Zustimmung nicht an Dritte weitergegeben.<\/p>\n<p>Wir weisen darauf hin, dass die Daten\u00fcbertragung im Internet (z.B. bei der Kommunikation per E-Mail) Sicherheitsl\u00fccken aufweisen kann. Ein l\u00fcckenloser Schutz der Daten vor dem Zugriff durch Dritte ist nicht m\u00f6glich.<\/p>\n<h4>8.1 VERSCHL\u00dcSSELUNG<\/h4>\n<p>Unsere Webseite nutzt aus Gr\u00fcnden der Sicherheit und zum Schutz der \u00dcbertragung vertraulicher Inhalte, wie zum Beispiel der Anfragen, die Sie an uns senden, eine SSL-Verschl\u00fcsselung. Eine verschl\u00fcsselte Verbindung erkennen Sie daran, dass die Adresszeile des Browsers von &#8222;http:\/\/&#8220; auf &#8222;https:\/\/&#8220; wechselt und an dem Schloss-Symbol in Ihrer Browserzeile. Wenn die SSL Verschl\u00fcsselung aktiviert ist, k\u00f6nnen die Daten, die Sie an uns \u00fcbermitteln, nicht von Dritten mitgelesen werden.<\/p>\n<h4>8.2 SERVER LOGFILES<\/h4>\n<p>Als Websitebetreiber bzw. Seitenprovider erheben wir Daten \u00fcber Zugriffe auf die Seite und speichert diese als \u201eServer-Logfiles\u201c ab. Folgende Daten werden so protokolliert:<\/p>\n<ul>\n<li>Besuchte Website<\/li>\n<li>\u00a0Uhrzeit zum Zeitpunkt des Zugriffes<\/li>\n<li>Menge der gesendeten Daten in Byte<\/li>\n<li>\u00a0Quelle\/Verweis, von welchem Sie auf die Seite gelangten<\/li>\n<li>\u00a0Verwendeter Browser<\/li>\n<li>\u00a0Verwendetes Betriebssystem<\/li>\n<li>\u00a0Verwendete IP-Adresse (ggf.: in anonymisierter Form<\/li>\n<\/ul>\n<p>Die erhobenen Daten dienen lediglich statistischen Auswertungen und zur Verbesserung der Website sowie zur Abwehr von Angriffen. Als Websitebetreiber behalten wir uns allerdings vor, die Server-Logfiles nachtr\u00e4glich zu \u00fcberpr\u00fcfen, sollten konkrete Anhaltspunkte auf eine rechtswidrige Nutzung hinweisen. Die in den Server-Logfiles erhobenen Daten werden nicht mit anderen Datenquellen zusammengef\u00fchrt.<\/p>\n<h4>8.3 EINSATZ VON GOOGLE RECAPTCHA<\/h4>\n<p><span class=\"ts-muster-content\">Wir binden die Funktion zur Erkennung von Bots und damit zur Verhinderung von Spam, z.B. bei Eingaben in Onlineformularen (\u201eReCaptcha\u201c) des Anbieters <em>Google Ireland Limited, Gordon House, Barrow Street, Dublin 4, Irland<\/em>, auf Basis unseres berechtigten Interesses an der Vermeidung von massenhaftem Spam gem. Art. 6 Abs. 1 lit. f DSGVO,ein.<\/span><\/p>\n<p><span class=\"ts-muster-content\">Datenschutzerkl\u00e4rung des Anbieters: <a href=\"https:\/\/www.google.com\/policies\/privacy\/\" target=\"_blank\" rel=\"noopener noreferrer\">https:\/\/www.google.com\/policies\/privacy\/<\/a><\/span><\/p>\n<p><span class=\"ts-muster-content\">Opt-Out-M\u00f6glichkeit des Anbieters: <a href=\"https:\/\/adssettings.google.com\/authenticated\" target=\"_blank\" rel=\"noopener noreferrer\">https:\/\/adssettings.google.com\/authenticated<\/a><\/span><\/p>\n<p>Ohne die Funktion des Anbieters ist eine Nutzung der Onlineformulare leider nicht m\u00f6glich.<\/p>\n<h4>8.4 EINSATZ VON MATOMO<\/h4>\n<p>Auf dieser Website werden unter Einsatz der Webanalysedienst-Software Matomo (<a href=\"https:\/\/www.matomo.org\">https:\/\/www.matomo.org<\/a>), einem Dienst des Anbieters <em>InnoCraft Ltd., 150 Willis St, 6011 Wellington, Neuseeland<\/em>, (\u201eMataomo\u201c) auf Basis unseres berechtigten Interesses an der statistischen Analyse des Nutzerverhaltens zu Optimierungs- und Marketingzwecken gem\u00e4\u00df Art. 6 Abs. 1 lit. f DSGVO Daten gesammelt und gespeichert. Aus diesen Daten k\u00f6nnen zum selben Zweck pseudonymisierte Nutzungsprofile erstellt und ausgewertet werden. Hierzu k\u00f6nnen Cookies eingesetzt werden. Bei Cookies handelt es sich um kleine Textdateien, die lokal im Zwischenspeicher des Internet-Browsers des Seitenbesuchers gespeichert werden. Die Cookies erm\u00f6glichen unter anderem die Wiedererkennung des Internet-Browsers. Die mit der Matomo-Technologie erhobenen Daten (einschlie\u00dflich Ihrer pseudonymisierten IP-Adresse) werden auf unseren Servern verarbeitet.<br \/>\nDie durch das Cookie erzeugten Informationen im pseudonymen Nutzerprofil werden nicht dazu benutzt, den Besucher dieser Website pers\u00f6nlich zu identifizieren und nicht mit personenbezogenen Daten \u00fcber den Tr\u00e4ger des Pseudonyms zusammengef\u00fchrt.<br \/>\nWenn Sie mit der Speicherung und Auswertung dieser Daten aus Ihrem Besuch nicht einverstanden sind, dann k\u00f6nnen Sie der Speicherung und Nutzung nachfolgend per Mausklick jederzeit widersprechen. In diesem Fall wird in Ihrem Browser ein sog. Opt-Out-Cookie abgelegt, was zur Folge hat, dass Matomo keinerlei Sitzungsdaten erhebt. Bitte beachten Sie, dass die vollst\u00e4ndige L\u00f6schung Ihrer Cookies zur Folge hat, dass auch das Opt-Out-Cookie gel\u00f6scht wird und ggf. von Ihnen erneut aktiviert werden muss.<\/p>\n<p>&lt;iframe frameborder=&#8220;no&#8220; width=&#8220;500px&#8220; height=&#8220;250px&#8220; src=&#8220;https:\/\/statistics.mat-it.de\/index.php?module=CoreAdminHome&amp;action=optOut&amp;language=de&#8220;&gt;&lt;\/iframe&gt;<\/p>\n<p>Ohne die Funktion von Matomo k\u00f6nnen Sie unsere Angebote uneingeschr\u00e4nkt nutzen.<\/p>\n<h4>8.5 HAFTUNGSAUSSCHLUSS<\/h4>\n<p>Die hier erkl\u00e4rten Grunds\u00e4tze gelten nur f\u00fcr den Umgang mit Ihren personenbezogenen Daten durch uns. Soweit auf unserer Internetseite auf Angebote Dritter verwiesen (verlinkt) wird, gelten die von diesen Unternehmen verwendeten Datenschutzerkl\u00e4rungen. Der Umgang mit personenbezogenen Daten und die Datenschutzerkl\u00e4rungen etwaiger Dritter werden von uns nicht gepr\u00fcft. Folglich haften wir auch nicht f\u00fcr dort erhobene Daten.<\/p>\n","protected":false},"excerpt":{"rendered":"<p>F\u00dcR KUNDEN UND INTERESSENTEN Der Schutz Ihrer personenbezogenen Daten ist uns wichtig. Nach der EU-Datenschutz-Grundverordnung (DSGVO) sind wir verpflichtet, Sie dar\u00fcber zu informieren, zu welchem Zweck unser Unternehmen Daten erhebt, speichert oder weiterleitet. Der Information k\u00f6nnen Sie auch entnehmen, welche Rechte Sie in puncto Datenschutz haben. 1. VERANTWORTLICHKEIT F\u00dcR DIE DATENVERARBEITUNG Verantwortlich f\u00fcr die Datenverarbeitung &#8230; <a title=\"Datenschutzinformation\" class=\"read-more\" href=\"https:\/\/blog.mat-it.de\/index.php\/datenschutzerklaerung\/\" aria-label=\"Mehr dazu unter Datenschutzinformation\">Weiterlesen<\/a><\/p>\n","protected":false},"author":1,"featured_media":0,"parent":0,"menu_order":0,"comment_status":"closed","ping_status":"closed","template":"","meta":[],"_links":{"self":[{"href":"https:\/\/blog.mat-it.de\/index.php\/wp-json\/wp\/v2\/pages\/49"}],"collection":[{"href":"https:\/\/blog.mat-it.de\/index.php\/wp-json\/wp\/v2\/pages"}],"about":[{"href":"https:\/\/blog.mat-it.de\/index.php\/wp-json\/wp\/v2\/types\/page"}],"author":[{"embeddable":true,"href":"https:\/\/blog.mat-it.de\/index.php\/wp-json\/wp\/v2\/users\/1"}],"replies":[{"embeddable":true,"href":"https:\/\/blog.mat-it.de\/index.php\/wp-json\/wp\/v2\/comments?post=49"}],"version-history":[{"count":17,"href":"https:\/\/blog.mat-it.de\/index.php\/wp-json\/wp\/v2\/pages\/49\/revisions"}],"predecessor-version":[{"id":129,"href":"https:\/\/blog.mat-it.de\/index.php\/wp-json\/wp\/v2\/pages\/49\/revisions\/129"}],"wp:attachment":[{"href":"https:\/\/blog.mat-it.de\/index.php\/wp-json\/wp\/v2\/media?parent=49"}],"curies":[{"name":"wp","href":"https:\/\/api.w.org\/{rel}","templated":true}]}}